{"id":15,"date":"2025-07-05T01:11:54","date_gmt":"2025-07-05T01:11:54","guid":{"rendered":"https:\/\/teachstemcs.com\/about\/"},"modified":"2025-07-15T00:04:10","modified_gmt":"2025-07-15T05:04:10","slug":"about","status":"publish","type":"page","link":"https:\/\/www.teachstemcs.com\/es\/about\/","title":{"rendered":"Acerca de nosotros"},"content":{"rendered":"<div class=\"wp-block-uagb-container uagb-block-e5972208 alignfull uagb-is-root-container\"><div class=\"uagb-container-inner-blocks-wrap\">\n<div class=\"wp-block-uagb-advanced-heading uagb-block-b371cc12\"><p class=\"uagb-desc-text\">Bienvenido<\/p><h1 class=\"uagb-heading-text\">Empoderando a Estudiantes y Educadores a trav\u00e9s de la Educaci\u00f3n Biling\u00fce en STEM y Ciencias de la Computaci\u00f3n<\/h1><\/div>\n<\/div><\/div>\n\n\n\n<div class=\"wp-block-uagb-container uagb-block-28fa86dc alignfull uagb-is-root-container\"><div class=\"uagb-container-inner-blocks-wrap\">\n<div class=\"wp-block-uagb-container uagb-block-18062607\">\n<div class=\"wp-block-uagb-image uagb-block-0be442bf wp-block-uagb-image--layout-default wp-block-uagb-image--effect-static wp-block-uagb-image--align-none\"><figure class=\"wp-block-uagb-image__figure\"><img decoding=\"async\" srcset=\"https:\/\/teachstemcs.com\/wp-content\/uploads\/2025\/07\/pexels-photo-7869229.jpeg ,https:\/\/teachstemcs.com\/wp-content\/uploads\/2025\/07\/pexels-photo-7869229.jpeg 780w, https:\/\/teachstemcs.com\/wp-content\/uploads\/2025\/07\/pexels-photo-7869229.jpeg 360w\" sizes=\"auto, (max-width: 480px) 150px\" src=\"https:\/\/teachstemcs.com\/wp-content\/uploads\/2025\/07\/pexels-photo-7869229.jpeg\" alt=\"Group of diverse kids collaborating on a 3D printing project using a laptop and other devices.\" class=\"uag-image-10\" width=\"560\" height=\"500\" title=\"about-us\" loading=\"lazy\" role=\"img\"\/><\/figure><\/div>\n\n\n\n<div class=\"wp-block-uagb-container uagb-block-ea15cb0a\"><\/div>\n<\/div>\n\n\n\n<div class=\"wp-block-uagb-container uagb-block-7f0c016a\">\n<div class=\"wp-block-uagb-advanced-heading uagb-block-8a54fc41\"><p class=\"uagb-desc-text\">Acerca de Nosotros<\/p><h2 class=\"uagb-heading-text\">Dedicados a Mejorar el Aprendizaje de STEM para Todos los Estudiantes y Escuelas<\/h2><\/div>\n\n\n\n<div class=\"wp-block-uagb-advanced-heading uagb-block-a33c8efa\"><p class=\"uagb-heading-text\">TeachSTEMCS es una empresa de servicios educativos impulsada por una misi\u00f3n comprometida con cerrar la brecha en el aprendizaje de STEM y ciencias de la computaci\u00f3n para estudiantes de K-12 y universitarios. Ofrecemos tutor\u00eda en l\u00ednea biling\u00fce en ingl\u00e9s y espa\u00f1ol, haciendo que los temas de STEM sean m\u00e1s accesibles para estudiantes diversos. Nuestros tutores son educadores que responden a la diversidad cultural que personalizan el apoyo para las necesidades de cada estudiante, ya sea que est\u00e9n poni\u00e9ndose al d\u00eda o esforz\u00e1ndose por sobresalir. Al enfocarnos en escuelas con programas establecidos de STEM o CS, nuestro objetivo es reforzar y mejorar lo que los estudiantes ya est\u00e1n aprendiendo en el aula.<br><br>A medida que crecemos, nuestra visi\u00f3n incluye apoyar a los maestros a trav\u00e9s del desarrollo profesional, coaching de curr\u00edculum y recursos digitales dise\u00f1ados para aulas reales. Creemos que empoderar a los educadores es clave para transformar la educaci\u00f3n desde la base. TeachSTEMCS fue creada para brindar apoyo acad\u00e9mico r\u00e1pido y efectivo, al mismo tiempo que sienta las bases para un impacto a largo plazo a trav\u00e9s de la capacitaci\u00f3n docente y contenido instruccional escalable. Estamos aqu\u00ed para ayudar a los estudiantes a prosperar, a los maestros a crecer y a las escuelas a fortalecer sus resultados en educaci\u00f3n STEM para una amplia gama de estudiantes.<\/p><\/div>\n\n\n\n<div class=\"wp-block-uagb-image uagb-block-2cef716a wp-block-uagb-image--layout-default wp-block-uagb-image--effect-static wp-block-uagb-image--align-none\"><figure class=\"wp-block-uagb-image__figure\"><img decoding=\"async\" srcset=\"https:\/\/teachstemcs.com\/wp-content\/uploads\/2025\/07\/g8284133310c4c77289020ecd360099f550b981f7439b14f81564a2e7d2920174d19c00695e5cccafa20bb72165e7cde232b3b72edc52e2943ec08e4295158e3e_1280-1853305-1024x682.jpg ,https:\/\/teachstemcs.com\/wp-content\/uploads\/2025\/07\/g8284133310c4c77289020ecd360099f550b981f7439b14f81564a2e7d2920174d19c00695e5cccafa20bb72165e7cde232b3b72edc52e2943ec08e4295158e3e_1280-1853305.jpg 780w, https:\/\/teachstemcs.com\/wp-content\/uploads\/2025\/07\/g8284133310c4c77289020ecd360099f550b981f7439b14f81564a2e7d2920174d19c00695e5cccafa20bb72165e7cde232b3b72edc52e2943ec08e4295158e3e_1280-1853305.jpg 360w\" sizes=\"auto, (max-width: 480px) 150px\" src=\"https:\/\/teachstemcs.com\/wp-content\/uploads\/2025\/07\/g8284133310c4c77289020ecd360099f550b981f7439b14f81564a2e7d2920174d19c00695e5cccafa20bb72165e7cde232b3b72edc52e2943ec08e4295158e3e_1280-1853305-1024x682.jpg\" alt=\"coding, programming, css, software development, computer, close up, laptop, data, display, electronics, keyboard, screen, technology, app, program, software, computer engineering, coding, coding, coding, programming, programming, software development, computer, data, software, software, software, software, software\" class=\"uag-image-311\" width=\"560\" height=\"300\" title=\"g8284133310c4c77289020ecd360099f550b981f7439b14f81564a2e7d2920174d19c00695e5cccafa20bb72165e7cde232b3b72edc52e2943ec08e4295158e3e 1280 1853305\" loading=\"lazy\" role=\"img\"\/><\/figure><\/div>\n<\/div>\n<\/div><\/div>\n\n\n\n<div class=\"wp-block-uagb-container uagb-layout-grid uagb-block-b73b02d3 alignfull uagb-is-root-container\"><div class=\"uagb-container-inner-blocks-wrap\">\n<div class=\"wp-block-uagb-container uagb-block-68004fa2\">\n<div class=\"wp-block-uagb-info-box uagb-block-777883ce uagb-infobox__content-wrap  uagb-infobox-icon-above-title uagb-infobox-image-valign-top\"><div class=\"uagb-ifb-content\"><div class=\"uagb-ifb-title-wrap\"><p class=\"uagb-ifb-title-prefix\">Nuestro Camino<\/p><h2 class=\"uagb-ifb-title\">Un Enfoque en la Educaci\u00f3n de Calidad en STEM<\/h2><\/div><p class=\"uagb-ifb-desc\">Nuestro equipo de expertos en TeachSTEMCS est\u00e1 compuesto por profesionales experimentados que traen una poderosa combinaci\u00f3n de experiencia empresarial del mundo real y experiencia docente probada en una amplia gama de disciplinas STEM. Desde ingenieros de software y analistas de datos hasta arquitectos de sistemas y ciberseguridad, nuestros tutores han trabajado a altos niveles en la industria y entienden las aplicaciones pr\u00e1cticas de lo que ense\u00f1an. <br><br>Muchos tambi\u00e9n tienen certificaciones o experiencia docente en entornos de educaci\u00f3n K-12 o superior, lo que les permite desglosar conceptos complejos para principiantes y al mismo tiempo ofrecer ideas avanzadas y relevantes para la industria para estudiantes m\u00e1s experimentados. Este doble background nos permite brindar tanto apoyo fundamental como enriquecimiento de alto nivel adaptado a los objetivos y niveles de habilidad de los estudiantes.<br><br>\u00a1Todo en ingl\u00e9s o espa\u00f1ol!<\/p><\/div><\/div>\n<\/div>\n\n\n\n<div class=\"wp-block-uagb-image uagb-block-1c8aa24f wp-block-uagb-image--layout-default wp-block-uagb-image--effect-static wp-block-uagb-image--align-none\"><figure class=\"wp-block-uagb-image__figure\"><img decoding=\"async\" srcset=\"https:\/\/teachstemcs.com\/wp-content\/uploads\/2025\/07\/pexels-photo-1181672-1181672-684x1024.jpg ,https:\/\/teachstemcs.com\/wp-content\/uploads\/2025\/07\/pexels-photo-1181672-1181672-scaled.jpg 780w, https:\/\/teachstemcs.com\/wp-content\/uploads\/2025\/07\/pexels-photo-1181672-1181672-scaled.jpg 360w\" sizes=\"auto, (max-width: 480px) 150px\" src=\"https:\/\/teachstemcs.com\/wp-content\/uploads\/2025\/07\/pexels-photo-1181672-1181672-684x1024.jpg\" alt=\"African American woman studying Python programming in a library setting.\" class=\"uag-image-312\" width=\"600\" height=\"500\" title=\"pexels photo 1181672 1181672\" loading=\"lazy\" role=\"img\"\/><\/figure><\/div>\n<\/div><\/div>\n\n\n\n<div class=\"wp-block-uagb-container uagb-block-1fa75ccb alignfull uagb-is-root-container\"><div class=\"uagb-container-inner-blocks-wrap\">\n<div class=\"wp-block-uagb-advanced-heading uagb-block-7b6eba87\"><p class=\"uagb-desc-text\">Conozca a Nuestro Equipo<\/p><h2 class=\"uagb-heading-text\">Profesionales de la Educaci\u00f3n y la Industria<\/h2><\/div>\n\n\n\n<div class=\"wp-block-uagb-container uagb-block-04137919\">\n<div class=\"wp-block-uagb-container uagb-block-084b022d\">\n<div class=\"wp-block-uagb-image aligncenter uagb-block-403c2f68 wp-block-uagb-image--layout-default wp-block-uagb-image--effect-static wp-block-uagb-image--align-center\"><figure class=\"wp-block-uagb-image__figure\"><img decoding=\"async\" srcset=\"https:\/\/teachstemcs.com\/wp-content\/uploads\/2025\/07\/me_smaller-2019_11_23-16_57_57-UTC-1024x768.jpg ,https:\/\/teachstemcs.com\/wp-content\/uploads\/2025\/07\/me_smaller-2019_11_23-16_57_57-UTC.jpg 780w, https:\/\/teachstemcs.com\/wp-content\/uploads\/2025\/07\/me_smaller-2019_11_23-16_57_57-UTC.jpg 360w\" sizes=\"auto, (max-width: 480px) 150px\" src=\"https:\/\/teachstemcs.com\/wp-content\/uploads\/2025\/07\/me_smaller-2019_11_23-16_57_57-UTC-1024x768.jpg\" alt=\"me smaller (2019 11 23 16 57 57 utc)\" class=\"uag-image-346\" width=\"270\" height=\"300\" title=\"me smaller (2019 11 23 16 57 57 utc)\" loading=\"lazy\" role=\"img\"\/><\/figure><\/div>\n\n\n\n<div class=\"wp-block-uagb-advanced-heading uagb-block-58e05184\"><h3 class=\"uagb-heading-text\">Juan Castillo<br>Founder-TeachSTEMCS.com<\/h3><\/div>\n\n\n\n<div class=\"wp-block-uagb-buttons uagb-buttons__outer-wrap uagb-btn__default-btn uagb-btn-tablet__default-btn uagb-btn-mobile__default-btn uagb-block-b0ee061c\"><div class=\"uagb-buttons__wrap uagb-buttons-layout-wrap\">\n<div class=\"wp-block-uagb-buttons-child uagb-buttons__outer-wrap uagb-block-13f7df8b wp-block-button\"><div class=\"uagb-button__wrapper\"><a class=\"uagb-buttons-repeater wp-block-button__link\" aria-label=\"\" href=\"https:\/\/www.linkedin.com\/in\/johnny-castillo\/\" rel=\"follow noopener\" target=\"_self\" role=\"button\"><div class=\"uagb-button__link\">LinkedIn<\/div><\/a><\/div><\/div>\n<\/div><\/div>\n\n\n\n<p class=\"has-text-align-left\"><strong>Puntos Destacados:<\/strong><br>-Bachelor&#8217;s in Computer Information Systems from Texas A&amp;M University.<br>-Analytics and ML Certificate from The University of Texas at Austin.<br>-9 years experience in Software and Database Engineering.<br>-First generation American and fully Bilingual in Spanish.<br><br><strong>Programming Languages:<\/strong><br>-Python<br>-SQL<br>-C++<br><br><strong>Current Experience:<\/strong><br>Software Engineer-Advanced Micro Devices-Austin<\/p>\n\n\n\n<p><\/p>\n<\/div>\n\n\n\n<div class=\"wp-block-uagb-container uagb-block-44e963c5\">\n<div class=\"wp-block-uagb-image aligncenter uagb-block-5a27e28d wp-block-uagb-image--layout-default wp-block-uagb-image--effect-static wp-block-uagb-image--align-center\"><figure class=\"wp-block-uagb-image__figure\"><\/figure><\/div>\n\n\n\n<div class=\"wp-block-uagb-advanced-heading uagb-block-853be4b4\"><\/div>\n<\/div>\n\n\n\n<div class=\"wp-block-uagb-container uagb-block-26984318\">\n<div class=\"wp-block-uagb-image aligncenter uagb-block-75afc079 wp-block-uagb-image--layout-default wp-block-uagb-image--effect-static wp-block-uagb-image--align-center\"><figure class=\"wp-block-uagb-image__figure\"><\/figure><\/div>\n\n\n\n<div class=\"wp-block-uagb-advanced-heading uagb-block-5c3f31ed\"><\/div>\n<\/div>\n\n\n\n<div class=\"wp-block-uagb-container uagb-block-a9e32928\">\n<div class=\"wp-block-uagb-image aligncenter uagb-block-ea94a255 wp-block-uagb-image--layout-default wp-block-uagb-image--effect-static wp-block-uagb-image--align-center\"><figure class=\"wp-block-uagb-image__figure\"><\/figure><\/div>\n\n\n\n<div class=\"wp-block-uagb-advanced-heading uagb-block-8f640a8c\"><\/div>\n<\/div>\n<\/div>\n<\/div><\/div>\n\n\n\n<div class=\"wp-block-uagb-container uagb-block-353480fd alignfull uagb-is-root-container\"><div class=\"uagb-container-inner-blocks-wrap\">\n<div class=\"wp-block-uagb-info-box uagb-block-289af9f9 uagb-infobox__content-wrap  uagb-infobox-icon-above-title uagb-infobox-image-valign-top\"><div class=\"uagb-ifb-content\"><div class=\"uagb-ifb-title-wrap\"><h2 class=\"uagb-ifb-title\">\u00a1Comienza Tu Viaje STEM Hoy Mismo!<\/h2><\/div><p class=\"uagb-ifb-desc\">\u00a1\u00danete a nosotros para hacer que la educaci\u00f3n STEM de calidad sea accesible para cada estudiante!<\/p><div class=\"uagb-ifb-button-wrapper wp-block-button\"><a href=\"https:\/\/www.teachstemcs.com\/es\/form\/contact-us-for-tutoring-inquiry\/\" class=\"uagb-infobox-cta-link wp-block-button__link\" target=\"_self\" rel=\"noopener noreferrer\" onclick=\"return true;\"><span class=\"uagb-inline-editing\">Comenzar<\/span><\/a><\/div><\/div><\/div>\n<\/div><\/div>","protected":false},"excerpt":{"rendered":"<p>Welcome Empowering Students and Educators through Bilingual STEM and Computer Science Education Who We Are Dedicated to Enhancing STEM Learning [&hellip;]<\/p>","protected":false},"author":1,"featured_media":0,"parent":0,"menu_order":0,"comment_status":"closed","ping_status":"closed","template":"","meta":{"_uag_custom_page_level_css":"","site-sidebar-layout":"default","site-content-layout":"","ast-site-content-layout":"default","site-content-style":"default","site-sidebar-style":"default","ast-global-header-display":"","ast-banner-title-visibility":"","ast-main-header-display":"","ast-hfb-above-header-display":"","ast-hfb-below-header-display":"","ast-hfb-mobile-header-display":"","site-post-title":"disabled","ast-breadcrumbs-content":"","ast-featured-img":"","footer-sml-layout":"","theme-transparent-header-meta":"","adv-header-id-meta":"","stick-header-meta":"","header-above-stick-meta":"","header-main-stick-meta":"","header-below-stick-meta":"","astra-migrate-meta-layouts":"default","ast-page-background-enabled":"default","ast-page-background-meta":{"desktop":{"background-color":"var(--ast-global-color-4)","background-image":"","background-repeat":"repeat","background-position":"center center","background-size":"auto","background-attachment":"scroll","background-type":"","background-media":"","overlay-type":"","overlay-color":"","overlay-opacity":"","overlay-gradient":""},"tablet":{"background-color":"","background-image":"","background-repeat":"repeat","background-position":"center center","background-size":"auto","background-attachment":"scroll","background-type":"","background-media":"","overlay-type":"","overlay-color":"","overlay-opacity":"","overlay-gradient":""},"mobile":{"background-color":"","background-image":"","background-repeat":"repeat","background-position":"center center","background-size":"auto","background-attachment":"scroll","background-type":"","background-media":"","overlay-type":"","overlay-color":"","overlay-opacity":"","overlay-gradient":""}},"ast-content-background-meta":{"desktop":{"background-color":"var(--ast-global-color-5)","background-image":"","background-repeat":"repeat","background-position":"center center","background-size":"auto","background-attachment":"scroll","background-type":"","background-media":"","overlay-type":"","overlay-color":"","overlay-opacity":"","overlay-gradient":""},"tablet":{"background-color":"var(--ast-global-color-5)","background-image":"","background-repeat":"repeat","background-position":"center center","background-size":"auto","background-attachment":"scroll","background-type":"","background-media":"","overlay-type":"","overlay-color":"","overlay-opacity":"","overlay-gradient":""},"mobile":{"background-color":"var(--ast-global-color-5)","background-image":"","background-repeat":"repeat","background-position":"center center","background-size":"auto","background-attachment":"scroll","background-type":"","background-media":"","overlay-type":"","overlay-color":"","overlay-opacity":"","overlay-gradient":""}},"footnotes":""},"class_list":["post-15","page","type-page","status-publish","hentry"],"uagb_featured_image_src":{"full":false,"thumbnail":false,"medium":false,"medium_large":false,"large":false,"1536x1536":false,"2048x2048":false,"trp-custom-language-flag":false},"uagb_author_info":{"display_name":"ceo@teachstemcs.com","author_link":"https:\/\/www.teachstemcs.com\/es\/author\/ceoteachstemcs-com\/"},"uagb_comment_info":0,"uagb_excerpt":"Welcome Empowering Students and Educators through Bilingual STEM and Computer Science Education Who We Are Dedicated to Enhancing STEM Learning [&hellip;]","_links":{"self":[{"href":"https:\/\/www.teachstemcs.com\/es\/wp-json\/wp\/v2\/pages\/15","targetHints":{"allow":["GET"]}}],"collection":[{"href":"https:\/\/www.teachstemcs.com\/es\/wp-json\/wp\/v2\/pages"}],"about":[{"href":"https:\/\/www.teachstemcs.com\/es\/wp-json\/wp\/v2\/types\/page"}],"author":[{"embeddable":true,"href":"https:\/\/www.teachstemcs.com\/es\/wp-json\/wp\/v2\/users\/1"}],"replies":[{"embeddable":true,"href":"https:\/\/www.teachstemcs.com\/es\/wp-json\/wp\/v2\/comments?post=15"}],"version-history":[{"count":12,"href":"https:\/\/www.teachstemcs.com\/es\/wp-json\/wp\/v2\/pages\/15\/revisions"}],"predecessor-version":[{"id":368,"href":"https:\/\/www.teachstemcs.com\/es\/wp-json\/wp\/v2\/pages\/15\/revisions\/368"}],"wp:attachment":[{"href":"https:\/\/www.teachstemcs.com\/es\/wp-json\/wp\/v2\/media?parent=15"}],"curies":[{"name":"wp","href":"https:\/\/api.w.org\/{rel}","templated":true}]}}