{"id":14,"date":"2025-07-05T01:11:54","date_gmt":"2025-07-05T01:11:54","guid":{"rendered":"https:\/\/teachstemcs.com\/home-2\/"},"modified":"2025-07-07T05:07:24","modified_gmt":"2025-07-07T05:07:24","slug":"home-2","status":"publish","type":"page","link":"https:\/\/www.teachstemcs.com\/es\/","title":{"rendered":"Inicio"},"content":{"rendered":"<div class=\"wp-block-uagb-container uagb-block-eb0aa213 alignfull uagb-is-root-container\"><div class=\"uagb-container-inner-blocks-wrap\">\n<div class=\"wp-block-uagb-container uagb-layout-grid uagb-block-77137965\">\n<div class=\"wp-block-uagb-advanced-heading uagb-block-b371cc12\"><p class=\"uagb-desc-text\">Libera tu potencial en STEM<\/p><h1 class=\"uagb-heading-text\">Apoyo escolar biling\u00fce en l\u00ednea en STEM y Ciencias de la Computaci\u00f3n<\/h1><\/div>\n\n\n\n<div class=\"wp-block-uagb-info-box uagb-block-aeecc106 uagb-infobox__content-wrap  uagb-infobox-icon-above-title uagb-infobox-image-valign-top wp-block-uagb-info-box--has-margin\"><div class=\"uagb-infobox-margin-wrapper\"><div class=\"uagb-ifb-content\"><div class=\"uagb-ifb-title-wrap\"><\/div><p class=\"uagb-ifb-desc\">Tutor\u00eda y apoyo en l\u00ednea personalizados en ingl\u00e9s y espa\u00f1ol para los niveles K-12 y universitario en asignaturas STEM y curr\u00edculos de Ciencias de la Computaci\u00f3n.<\/p><div class=\"uagb-ifb-button-wrapper wp-block-button\"><a href=\"\/es\/contact\/\" class=\"uagb-infobox-cta-link wp-block-button__link\" target=\"_self\" rel=\"noopener noreferrer\" onclick=\"return true;\"><span class=\"uagb-inline-editing\">Comenzar<\/span><\/a><\/div><\/div><\/div><\/div>\n<\/div>\n\n\n\n<div class=\"wp-block-uagb-image alignleft uagb-block-92247bfd wp-block-uagb-image--layout-default wp-block-uagb-image--effect-static wp-block-uagb-image--align-left\"><figure class=\"wp-block-uagb-image__figure\"><img decoding=\"async\" srcset=\"https:\/\/teachstemcs.com\/wp-content\/uploads\/2025\/07\/pexels-photo-7869229.jpeg ,https:\/\/teachstemcs.com\/wp-content\/uploads\/2025\/07\/pexels-photo-7869229.jpeg 780w, https:\/\/teachstemcs.com\/wp-content\/uploads\/2025\/07\/pexels-photo-7869229.jpeg 360w\" sizes=\"auto, (max-width: 480px) 150px\" src=\"https:\/\/teachstemcs.com\/wp-content\/uploads\/2025\/07\/pexels-photo-7869229.jpeg\" alt=\"Group of diverse kids collaborating on a 3D printing project using a laptop and other devices.\" class=\"uag-image-10\" width=\"1200\" height=\"450\" title=\"heros-img\" loading=\"lazy\" role=\"img\"\/><\/figure><\/div>\n<\/div><\/div>\n\n\n\n<div class=\"wp-block-uagb-container uagb-layout-grid uagb-block-28fa86dc alignfull uagb-is-root-container\"><div class=\"uagb-container-inner-blocks-wrap\">\n<div class=\"wp-block-uagb-image uagb-block-0be442bf wp-block-uagb-image--layout-default wp-block-uagb-image--effect-static wp-block-uagb-image--align-none\"><figure class=\"wp-block-uagb-image__figure\"><img decoding=\"async\" srcset=\"https:\/\/teachstemcs.com\/wp-content\/uploads\/2025\/07\/pexels-photo-5621947-5621947-1024x683.jpg ,https:\/\/teachstemcs.com\/wp-content\/uploads\/2025\/07\/pexels-photo-5621947-5621947-scaled.jpg 780w, https:\/\/teachstemcs.com\/wp-content\/uploads\/2025\/07\/pexels-photo-5621947-5621947-scaled.jpg 360w\" sizes=\"auto, (max-width: 480px) 150px\" src=\"https:\/\/teachstemcs.com\/wp-content\/uploads\/2025\/07\/pexels-photo-5621947-5621947-1024x683.jpg\" alt=\"Smiling girl using computer in a modern lab setting, wearing a headset.\" class=\"uag-image-304\" width=\"560\" height=\"500\" title=\"pexels photo 5621947 5621947\" loading=\"lazy\" role=\"img\"\/><\/figure><\/div>\n\n\n\n<div class=\"wp-block-uagb-info-box uagb-block-f3852b2e uagb-infobox__content-wrap  uagb-infobox-icon-above-title uagb-infobox-image-valign-top wp-block-uagb-info-box--has-margin\"><div class=\"uagb-infobox-margin-wrapper\"><div class=\"uagb-ifb-content\"><div class=\"uagb-ifb-title-wrap\"><span class=\"uagb-ifb-title-prefix\">Nuestro Camino<\/span><h2 class=\"uagb-ifb-title\">Descubre c\u00f3mo cobr\u00f3 vida TeachSTEMCS.com<\/h2><\/div><p class=\"uagb-ifb-desc\">Fundada con una pasi\u00f3n por la educaci\u00f3n, TeachSTEMCS.com se esfuerza por hacer que el aprendizaje de calidad en STEM sea accesible para estudiantes diversos de K-12 y universitarios, mejorando tanto la participaci\u00f3n estudiantil como el apoyo docente.<\/p><div class=\"uagb-ifb-button-wrapper wp-block-button\"><a href=\"\/es\/about\/\" class=\"uagb-infobox-cta-link wp-block-button__link\" target=\"_self\" rel=\"noopener noreferrer\" onclick=\"return true;\"><span class=\"uagb-inline-editing\">LEER M\u00c1S<\/span><\/a><\/div><\/div><\/div><\/div>\n<\/div><\/div>\n\n\n\n<div class=\"wp-block-uagb-container uagb-block-2bbc57c7 alignfull uagb-is-root-container\"><div class=\"uagb-container-inner-blocks-wrap\">\n<div class=\"wp-block-uagb-advanced-heading uagb-block-7b6eba87\"><p class=\"uagb-desc-text\">Nuestros Servicios<\/p><h2 class=\"uagb-heading-text\">Explora Nuestros Servicios Integrales de Desarrollo Profesional y Metas STEM para Escuelas<\/h2><\/div>\n\n\n\n<div class=\"wp-block-uagb-container uagb-block-0fdda6ff\">\n<div class=\"wp-block-uagb-container uagb-block-04cba7a5\">\n<div class=\"wp-block-uagb-info-box uagb-block-e4c7a34e uagb-infobox__content-wrap  uagb-infobox-icon-above-title uagb-infobox-image-valign-top wp-block-uagb-info-box--has-margin\"><div class=\"uagb-infobox-margin-wrapper\"><div class=\"uagb-ifb-content\"><div class=\"uagb-ifb-title-wrap\"><h2 class=\"uagb-ifb-title-prefix\">01.<\/h2><h3 class=\"uagb-ifb-title\">Servicios de Consultor\u00eda<\/h3><\/div><p class=\"uagb-ifb-desc\">TeachSTEMCS ofrece servicios de consultor\u00eda expertos a escuelas que actualmente carecen de un plan de estudios de STEM o ciencias de la computaci\u00f3n, o de la infraestructura para respaldarlo. Trabajamos estrechamente con los l\u00edderes escolares para evaluar sus necesidades \u00fanicas y desarrollar una hoja de ruta estrat\u00e9gica para construir programas sostenibles de STEM y CS desde cero. Esto incluye orientaci\u00f3n sobre la selecci\u00f3n de planes de estudio, adquisici\u00f3n de tecnolog\u00eda, capacitaci\u00f3n docente, configuraci\u00f3n de laboratorios e integraci\u00f3n con los objetivos acad\u00e9micos existentes. Nuestro objetivo es ayudar a las escuelas a superar obst\u00e1culos y crear entornos de aprendizaje preparados para el futuro que brinden a los estudiantes habilidades esenciales del siglo XXI.<\/p><\/div><\/div><\/div>\n<\/div>\n\n\n\n<div class=\"wp-block-uagb-container uagb-block-b80cdc99\">\n<div class=\"wp-block-uagb-info-box uagb-block-281474da uagb-infobox__content-wrap  uagb-infobox-icon-above-title uagb-infobox-image-valign-top wp-block-uagb-info-box--has-margin\"><div class=\"uagb-infobox-margin-wrapper\"><div class=\"uagb-ifb-content\"><div class=\"uagb-ifb-title-wrap\"><h2 class=\"uagb-ifb-title-prefix\">02.<\/h2><h3 class=\"uagb-ifb-title\">Apoyo Docente<\/h3><\/div><p class=\"uagb-ifb-desc\">En TeachSTEMCS, nuestro programa de Desarrollo Profesional Docente est\u00e1 dise\u00f1ado para capacitar a los educadores con las herramientas, conocimientos y confianza para ense\u00f1ar efectivamente materias de STEM y Ciencias de la Computaci\u00f3n. Ya sea que los maestros sean nuevos en el contenido o busquen profundizar sus estrategias de instrucci\u00f3n, nuestras sesiones de DP est\u00e1n alineadas con los est\u00e1ndares TEKS y enfatizan habilidades pr\u00e1cticas y manuales que pueden aplicarse de inmediato en el aula. Ofrecemos capacitaci\u00f3n virtual y biling\u00fce que respalda entornos de aprendizaje diversos y ayuda a las escuelas a fortalecer sus programas de STEM. Nuestro objetivo es ayudar a los educadores a crecer como facilitadores confiados y capaces de innovaci\u00f3n en las aulas de hoy. <\/p><\/div><\/div><\/div>\n<\/div>\n\n\n\n<div class=\"wp-block-uagb-container uagb-block-8a1354b6\">\n<div class=\"wp-block-uagb-info-box uagb-block-c9efee38 uagb-infobox__content-wrap  uagb-infobox-icon-above-title uagb-infobox-image-valign-top wp-block-uagb-info-box--has-margin\"><div class=\"uagb-infobox-margin-wrapper\"><div class=\"uagb-ifb-content\"><div class=\"uagb-ifb-title-wrap\"><h2 class=\"uagb-ifb-title-prefix\">03.<\/h2><h3 class=\"uagb-ifb-title\">Recursos Curriculares<\/h3><\/div><p class=\"uagb-ifb-desc\">En TeachSTEMCS, nuestro programa de Desarrollo Profesional Docente est\u00e1 dise\u00f1ado para capacitar a los educadores con las herramientas, conocimientos y confianza para ense\u00f1ar efectivamente materias de STEM y Ciencias de la Computaci\u00f3n. Ya sea que los maestros sean nuevos en el contenido o busquen profundizar sus estrategias de instrucci\u00f3n, nuestras sesiones de DP est\u00e1n alineadas con los est\u00e1ndares TEKS y enfatizan habilidades pr\u00e1cticas y manuales que pueden aplicarse de inmediato en el aula. Ofrecemos capacitaci\u00f3n virtual y biling\u00fce que respalda entornos de aprendizaje diversos y ayuda a las escuelas a fortalecer sus programas de STEM. Nuestro objetivo es ayudar a los educadores a crecer como facilitadores confiados y capaces de innovaci\u00f3n en las aulas de hoy. <\/p><\/div><\/div><\/div>\n<\/div>\n<\/div>\n<\/div><\/div>\n\n\n\n<div class=\"wp-block-uagb-container uagb-block-43900d48 alignfull uagb-is-root-container\"><div class=\"uagb-container-inner-blocks-wrap\">\n<div class=\"wp-block-uagb-container uag-blocks-common-selector uagb-layout-grid uagb-block-3dc33a14 default uagb-is-root-container\">\n<div class=\"wp-block-uagb-advanced-heading uagb-block-0e7c4e68\"><h2 class=\"uagb-heading-text\">\u00a1\u00danete a nosotros para transformar la educaci\u00f3n hoy mismo!<\/h2><\/div>\n\n\n\n<div class=\"wp-block-uagb-buttons uagb-buttons__outer-wrap uagb-btn__default-btn uagb-btn-tablet__default-btn uagb-btn-mobile__default-btn uagb-block-70776913\"><div class=\"uagb-buttons__wrap uagb-buttons-layout-wrap\">\n<div class=\"wp-block-uagb-buttons-child uagb-buttons__outer-wrap uagb-block-839f0188 wp-block-button\"><div class=\"uagb-button__wrapper\"><a class=\"uagb-buttons-repeater wp-block-button__link\" aria-label=\"\" href=\"https:\/\/www.teachstemcs.com\/es\/form\/request-for-bilingual-stem-cs-school-support\/\" rel=\"follow noopener\" target=\"_self\" role=\"button\"><div class=\"uagb-button__link\">Comenzar<\/div><\/a><\/div><\/div>\n<\/div><\/div>\n<\/div>\n\n\n\n<div class=\"wp-block-uagb-advanced-heading uagb-block-2d8b3864\"><p class=\"uagb-desc-text\">Por qu\u00e9 elegirnos?<\/p><h2 class=\"uagb-heading-text\">Nuestra Propuesta de Valor \u00danico nos distingue<\/h2><\/div>\n\n\n\n<div class=\"wp-block-uagb-container uagb-block-6724c035\">\n<div class=\"wp-block-uagb-info-box uagb-block-de372885 uagb-infobox__content-wrap  uagb-infobox-icon-above-title uagb-infobox-image-valign-top\"><div class=\"uagb-ifb-content\"><div class=\"uagb-ifb-icon-wrap\"><div class=\"uagb-iconbox-icon-wrap uagb-infobox-shape-circle\"><svg xmlns=\"https:\/\/www.w3.org\/2000\/svg\" viewbox=\"0 0 448 512\"><path d=\"M438.6 105.4C451.1 117.9 451.1 138.1 438.6 150.6L182.6 406.6C170.1 419.1 149.9 419.1 137.4 406.6L9.372 278.6C-3.124 266.1-3.124 245.9 9.372 233.4C21.87 220.9 42.13 220.9 54.63 233.4L159.1 338.7L393.4 105.4C405.9 92.88 426.1 92.88 438.6 105.4H438.6z\"><\/path><\/svg><\/div><\/div><div class=\"uagb-ifb-title-wrap\"><h3 class=\"uagb-ifb-title\">Experiencia Biling\u00fce<\/h3><\/div><p class=\"uagb-ifb-desc\">En TeachSTEMCS, vamos m\u00e1s all\u00e1 de los tutoriales en l\u00ednea gratuitos al ofrecer tutor\u00eda personalizada y biling\u00fce que se adapta a los estudiantes donde est\u00e1n: acad\u00e9micamente, ling\u00fc\u00edsticamente y emocionalmente. Este apoyo personalizado ayuda a los estudiantes de habla hispana a destacarse en materias donde de otro modo podr\u00edan quedarse atr\u00e1s.<\/p><\/div><\/div>\n\n\n\n<div class=\"wp-block-uagb-info-box uagb-block-6ccedceb uagb-infobox__content-wrap  uagb-infobox-icon-above-title uagb-infobox-image-valign-top\"><div class=\"uagb-ifb-content\"><div class=\"uagb-ifb-icon-wrap\"><div class=\"uagb-iconbox-icon-wrap uagb-infobox-shape-circle\"><svg xmlns=\"https:\/\/www.w3.org\/2000\/svg\" viewbox=\"0 0 448 512\"><path d=\"M438.6 105.4C451.1 117.9 451.1 138.1 438.6 150.6L182.6 406.6C170.1 419.1 149.9 419.1 137.4 406.6L9.372 278.6C-3.124 266.1-3.124 245.9 9.372 233.4C21.87 220.9 42.13 220.9 54.63 233.4L159.1 338.7L393.4 105.4C405.9 92.88 426.1 92.88 438.6 105.4H438.6z\"><\/path><\/svg><\/div><\/div><div class=\"uagb-ifb-title-wrap\"><h3 class=\"uagb-ifb-title\">Aprendizaje Personalizado<\/h3><\/div><p class=\"uagb-ifb-desc\">Nuestros tutores expertos proporcionan instrucci\u00f3n en vivo, retroalimentaci\u00f3n inmediata y rutas de aprendizaje personalizadas alineadas con los est\u00e1ndares y curr\u00edculos escolares. Ya sea que su hijo necesite ayuda para desarrollar confianza b\u00e1sica o dominar conceptos avanzados de STEM, ofrecemos mentor\u00eda, estructura y apoyo en tiempo real que ning\u00fan video pregrabado puede ofrecer.<\/p><\/div><\/div>\n\n\n\n<div class=\"wp-block-uagb-info-box uagb-block-633f3615 uagb-infobox__content-wrap  uagb-infobox-icon-above-title uagb-infobox-image-valign-top\"><div class=\"uagb-ifb-content\"><div class=\"uagb-ifb-icon-wrap\"><div class=\"uagb-iconbox-icon-wrap uagb-infobox-shape-circle\"><svg xmlns=\"https:\/\/www.w3.org\/2000\/svg\" viewbox=\"0 0 448 512\"><path d=\"M438.6 105.4C451.1 117.9 451.1 138.1 438.6 150.6L182.6 406.6C170.1 419.1 149.9 419.1 137.4 406.6L9.372 278.6C-3.124 266.1-3.124 245.9 9.372 233.4C21.87 220.9 42.13 220.9 54.63 233.4L159.1 338.7L393.4 105.4C405.9 92.88 426.1 92.88 438.6 105.4H438.6z\"><\/path><\/svg><\/div><\/div><div class=\"uagb-ifb-title-wrap\"><h3 class=\"uagb-ifb-title\">Desarrollo Profesional<\/h3><\/div><p class=\"uagb-ifb-desc\">En TeachSTEMCS, nuestro programa de Desarrollo Profesional Docente est\u00e1 dise\u00f1ado para capacitar a los educadores con las herramientas, conocimientos y confianza para ense\u00f1ar efectivamente materias de STEM y Ciencias de la Computaci\u00f3n. Ya sea que los maestros sean nuevos en el contenido o busquen profundizar sus estrategias de instrucci\u00f3n, nuestras sesiones de DP est\u00e1n alineadas con los est\u00e1ndares TEKS y enfatizan habilidades pr\u00e1cticas y manuales que pueden aplicarse de inmediato en el aula. Ofrecemos capacitaci\u00f3n virtual y biling\u00fce que respalda entornos de aprendizaje diversos y ayuda a las escuelas a fortalecer sus programas de STEM. Nuestro objetivo es ayudar a los educadores a crecer como facilitadores confiados y capaces de innovaci\u00f3n en las aulas de hoy.<\/p><\/div><\/div>\n<\/div>\n<\/div><\/div>\n\n\n\n<div class=\"wp-block-uagb-container uagb-block-25bbc344 alignfull uagb-is-root-container\"><div class=\"uagb-container-inner-blocks-wrap\">\n<div class=\"wp-block-uagb-advanced-heading uagb-block-04a82708\"><p class=\"uagb-desc-text\">Nuestra Metodolog\u00eda<\/p><h2 class=\"uagb-heading-text\">C\u00f3mo Funciona la Tutor\u00eda en L\u00ednea de TeachSTEMCS<\/h2><\/div>\n\n\n\n<div class=\"wp-block-uagb-container uagb-block-80f61d17\">\n<div class=\"wp-block-uagb-info-box uagb-block-db6bb407 uagb-infobox__content-wrap  uagb-infobox-icon-above-title uagb-infobox-image-valign-top wp-block-uagb-info-box--has-margin\"><div class=\"uagb-infobox-margin-wrapper\"><div class=\"uagb-ifb-content\"><div class=\"uagb-ifb-title-wrap\"><p class=\"uagb-ifb-title-prefix\">Paso 1<\/p><h3 class=\"uagb-ifb-title\">Evaluaci\u00f3n y Planificaci\u00f3n<\/h3><\/div><p class=\"uagb-ifb-desc\">En TeachSTEMCS, cada estudiante comienza con una sesi\u00f3n gratuita de evaluaci\u00f3n y planificaci\u00f3n de objetivos para garantizar un apoyo personalizado desde el principio. Evaluamos el nivel de habilidad actual del estudiante, su estilo de aprendizaje y objetivos acad\u00e9micos para crear un plan de tutor\u00eda personalizado. Esto nos ayuda a asignar a cada estudiante las estrategias y tutores adecuados para maximizar el \u00e9xito.<\/p><\/div><\/div><\/div>\n\n\n\n<div class=\"wp-block-uagb-info-box uagb-block-b239141f uagb-infobox__content-wrap  uagb-infobox-icon-above-title uagb-infobox-image-valign-top wp-block-uagb-info-box--has-margin\"><div class=\"uagb-infobox-margin-wrapper\"><div class=\"uagb-ifb-content\"><div class=\"uagb-ifb-title-wrap\"><p class=\"uagb-ifb-title-prefix\">Paso 2<\/p><h3 class=\"uagb-ifb-title\">Aprendizaje Interactivo<\/h3><\/div><p class=\"uagb-ifb-desc\">Nuestros tutores involucran a los estudiantes a trav\u00e9s de lecciones interactivas y aplicaciones pr\u00e1cticas de conceptos de STEM.<\/p><\/div><\/div><\/div>\n\n\n\n<div class=\"wp-block-uagb-info-box uagb-block-69a69e5d uagb-infobox__content-wrap  uagb-infobox-icon-above-title uagb-infobox-image-valign-top wp-block-uagb-info-box--has-margin\"><div class=\"uagb-infobox-margin-wrapper\"><div class=\"uagb-ifb-content\"><div class=\"uagb-ifb-title-wrap\"><p class=\"uagb-ifb-title-prefix\">Paso 3<\/p><h3 class=\"uagb-ifb-title\">Apoyo Continuo<\/h3><\/div><p class=\"uagb-ifb-desc\">Brindamos retroalimentaci\u00f3n y apoyo continuo para garantizar un crecimiento educativo duradero y \u00e9xito.<\/p><\/div><\/div><\/div>\n<\/div>\n<\/div><\/div>\n\n\n\n<div class=\"wp-block-uagb-container uagb-block-c398b505 alignfull uagb-is-root-container\"><div class=\"uagb-container-inner-blocks-wrap\">\n<div class=\"wp-block-uagb-advanced-heading uagb-block-3c01ce17\"><p class=\"uagb-desc-text\">Testimonios \u2013 Pr\u00f3ximamente<\/p><h2 class=\"uagb-heading-text\">Testimonios de Nuestros Clientes<\/h2><\/div>\n\n\n\n<div class=\"wp-block-uagb-container uagb-layout-grid uagb-block-348b085d\">\n<div class=\"wp-block-uagb-container uagb-block-eb1ca742\"><\/div>\n\n\n\n<div class=\"wp-block-uagb-container uagb-block-8838c977\"><\/div>\n\n\n\n<div class=\"wp-block-uagb-container uagb-block-172773f8\"><\/div>\n\n\n\n<div class=\"wp-block-uagb-container uagb-block-fe57ed4d\"><\/div>\n<\/div>\n<\/div><\/div>\n\n\n\n<div class=\"wp-block-uagb-container uagb-block-353480fd alignfull uagb-is-root-container\"><div class=\"uagb-container-inner-blocks-wrap\">\n<div class=\"wp-block-uagb-info-box uagb-block-289af9f9 uagb-infobox__content-wrap  uagb-infobox-icon-above-title uagb-infobox-image-valign-top\"><div class=\"uagb-ifb-content\"><div class=\"uagb-ifb-title-wrap\"><h2 class=\"uagb-ifb-title\">\u00a1Comienza Tu Viaje STEM Hoy Mismo!<\/h2><\/div><p class=\"uagb-ifb-desc\">\u00a1\u00danete a nosotros para hacer que la educaci\u00f3n STEM de calidad sea accesible para cada estudiante!<\/p><div class=\"uagb-ifb-button-wrapper wp-block-button\"><a href=\"https:\/\/www.teachstemcs.com\/es\/form\/contact-us-for-tutoring-inquiry\/\" class=\"uagb-infobox-cta-link wp-block-button__link\" target=\"_self\" rel=\"noopener noreferrer\" onclick=\"return true;\"><span class=\"uagb-inline-editing\">Comenzar<\/span><\/a><\/div><\/div><\/div>\n<\/div><\/div>","protected":false},"excerpt":{"rendered":"<p>Unlock STEM Potential Bilingual Online Tutoring for STEM &amp; Computer Science Our Services Explore Our Comprehensive Professional Development Services and [&hellip;]<\/p>","protected":false},"author":1,"featured_media":0,"parent":0,"menu_order":0,"comment_status":"closed","ping_status":"closed","template":"","meta":{"_uag_custom_page_level_css":"","site-sidebar-layout":"default","site-content-layout":"","ast-site-content-layout":"default","site-content-style":"default","site-sidebar-style":"default","ast-global-header-display":"","ast-banner-title-visibility":"","ast-main-header-display":"","ast-hfb-above-header-display":"","ast-hfb-below-header-display":"","ast-hfb-mobile-header-display":"","site-post-title":"disabled","ast-breadcrumbs-content":"","ast-featured-img":"","footer-sml-layout":"","theme-transparent-header-meta":"","adv-header-id-meta":"","stick-header-meta":"","header-above-stick-meta":"","header-main-stick-meta":"","header-below-stick-meta":"","astra-migrate-meta-layouts":"default","ast-page-background-enabled":"default","ast-page-background-meta":{"desktop":{"background-color":"var(--ast-global-color-4)","background-image":"","background-repeat":"repeat","background-position":"center center","background-size":"auto","background-attachment":"scroll","background-type":"","background-media":"","overlay-type":"","overlay-color":"","overlay-opacity":"","overlay-gradient":""},"tablet":{"background-color":"","background-image":"","background-repeat":"repeat","background-position":"center center","background-size":"auto","background-attachment":"scroll","background-type":"","background-media":"","overlay-type":"","overlay-color":"","overlay-opacity":"","overlay-gradient":""},"mobile":{"background-color":"","background-image":"","background-repeat":"repeat","background-position":"center center","background-size":"auto","background-attachment":"scroll","background-type":"","background-media":"","overlay-type":"","overlay-color":"","overlay-opacity":"","overlay-gradient":""}},"ast-content-background-meta":{"desktop":{"background-color":"var(--ast-global-color-5)","background-image":"","background-repeat":"repeat","background-position":"center center","background-size":"auto","background-attachment":"scroll","background-type":"","background-media":"","overlay-type":"","overlay-color":"","overlay-opacity":"","overlay-gradient":""},"tablet":{"background-color":"var(--ast-global-color-5)","background-image":"","background-repeat":"repeat","background-position":"center center","background-size":"auto","background-attachment":"scroll","background-type":"","background-media":"","overlay-type":"","overlay-color":"","overlay-opacity":"","overlay-gradient":""},"mobile":{"background-color":"var(--ast-global-color-5)","background-image":"","background-repeat":"repeat","background-position":"center center","background-size":"auto","background-attachment":"scroll","background-type":"","background-media":"","overlay-type":"","overlay-color":"","overlay-opacity":"","overlay-gradient":""}},"footnotes":""},"class_list":["post-14","page","type-page","status-publish","hentry"],"uagb_featured_image_src":{"full":false,"thumbnail":false,"medium":false,"medium_large":false,"large":false,"1536x1536":false,"2048x2048":false,"trp-custom-language-flag":false},"uagb_author_info":{"display_name":"ceo@teachstemcs.com","author_link":"https:\/\/www.teachstemcs.com\/es\/author\/ceoteachstemcs-com\/"},"uagb_comment_info":0,"uagb_excerpt":"Unlock STEM Potential Bilingual Online Tutoring for STEM &amp; Computer Science Our Services Explore Our Comprehensive Professional Development Services and [&hellip;]","_links":{"self":[{"href":"https:\/\/www.teachstemcs.com\/es\/wp-json\/wp\/v2\/pages\/14","targetHints":{"allow":["GET"]}}],"collection":[{"href":"https:\/\/www.teachstemcs.com\/es\/wp-json\/wp\/v2\/pages"}],"about":[{"href":"https:\/\/www.teachstemcs.com\/es\/wp-json\/wp\/v2\/types\/page"}],"author":[{"embeddable":true,"href":"https:\/\/www.teachstemcs.com\/es\/wp-json\/wp\/v2\/users\/1"}],"replies":[{"embeddable":true,"href":"https:\/\/www.teachstemcs.com\/es\/wp-json\/wp\/v2\/comments?post=14"}],"version-history":[{"count":11,"href":"https:\/\/www.teachstemcs.com\/es\/wp-json\/wp\/v2\/pages\/14\/revisions"}],"predecessor-version":[{"id":361,"href":"https:\/\/www.teachstemcs.com\/es\/wp-json\/wp\/v2\/pages\/14\/revisions\/361"}],"wp:attachment":[{"href":"https:\/\/www.teachstemcs.com\/es\/wp-json\/wp\/v2\/media?parent=14"}],"curies":[{"name":"wp","href":"https:\/\/api.w.org\/{rel}","templated":true}]}}